{"id":1509,"date":"2022-08-02T22:30:44","date_gmt":"2022-08-02T20:30:44","guid":{"rendered":"https:\/\/kachel.one\/?page_id=1509"},"modified":"2022-08-02T22:55:51","modified_gmt":"2022-08-02T20:55:51","slug":"karriere","status":"publish","type":"page","link":"https:\/\/kieferorthopaedie-mosel.de\/home\/karriere\/","title":{"rendered":"Karriere"},"content":{"rendered":"\t\t<div data-elementor-type=\"wp-page\" data-elementor-id=\"1509\" class=\"elementor elementor-1509\">\n\t\t\t\t\t\t<section class=\"elementor-section elementor-top-section elementor-element elementor-element-8624470 elementor-section-boxed elementor-section-height-default elementor-section-height-default\" data-id=\"8624470\" data-element_type=\"section\">\n\t\t\t\t\t\t<div class=\"elementor-container elementor-column-gap-default\">\n\t\t\t\t\t<div class=\"elementor-column elementor-col-100 elementor-top-column elementor-element elementor-element-cc9b091\" data-id=\"cc9b091\" data-element_type=\"column\">\n\t\t\t<div class=\"elementor-widget-wrap elementor-element-populated\">\n\t\t\t\t\t\t<div class=\"elementor-element elementor-element-feb215f elementor-widget elementor-widget-heading\" data-id=\"feb215f\" data-element_type=\"widget\" data-widget_type=\"heading.default\">\n\t\t\t\t<div class=\"elementor-widget-container\">\n\t\t\t\t\t<h2 class=\"elementor-heading-title elementor-size-default\">Karriere<\/h2>\t\t\t\t<\/div>\n\t\t\t\t<\/div>\n\t\t\t\t\t<\/div>\n\t\t<\/div>\n\t\t\t\t\t<\/div>\n\t\t<\/section>\n\t\t\t\t<section class=\"elementor-section elementor-top-section elementor-element elementor-element-599d9a1 elementor-section-boxed elementor-section-height-default elementor-section-height-default\" data-id=\"599d9a1\" data-element_type=\"section\">\n\t\t\t\t\t\t<div class=\"elementor-container elementor-column-gap-default\">\n\t\t\t\t\t<div class=\"elementor-column elementor-col-100 elementor-top-column elementor-element elementor-element-61f0c38\" data-id=\"61f0c38\" data-element_type=\"column\">\n\t\t\t<div class=\"elementor-widget-wrap elementor-element-populated\">\n\t\t\t\t\t\t<div class=\"elementor-element elementor-element-7558172 elementor-widget elementor-widget-text-editor\" data-id=\"7558172\" data-element_type=\"widget\" data-widget_type=\"text-editor.default\">\n\t\t\t\t<div class=\"elementor-widget-container\">\n\t\t\t\t\t\t\t\t\t<p>Folgende Stellen sind aktuell bei uns offen:<\/p>\t\t\t\t\t\t\t\t<\/div>\n\t\t\t\t<\/div>\n\t\t\t\t\t<\/div>\n\t\t<\/div>\n\t\t\t\t\t<\/div>\n\t\t<\/section>\n\t\t\t\t<section class=\"elementor-section elementor-top-section elementor-element elementor-element-db44f45 elementor-section-boxed elementor-section-height-default elementor-section-height-default\" data-id=\"db44f45\" data-element_type=\"section\">\n\t\t\t\t\t\t<div class=\"elementor-container elementor-column-gap-default\">\n\t\t\t\t\t<div class=\"elementor-column elementor-col-100 elementor-top-column elementor-element elementor-element-a5ea6be\" data-id=\"a5ea6be\" data-element_type=\"column\">\n\t\t\t<div class=\"elementor-widget-wrap elementor-element-populated\">\n\t\t\t\t\t\t<div class=\"elementor-element elementor-element-fec5293 elementor-widget elementor-widget-image\" data-id=\"fec5293\" data-element_type=\"widget\" data-widget_type=\"image.default\">\n\t\t\t\t<div class=\"elementor-widget-container\">\n\t\t\t\t\t\t\t\t\t\t\t\t\t\t\t<img decoding=\"async\" width=\"210\" height=\"151\" src=\"https:\/\/kieferorthopaedie-mosel.de\/wp-content\/uploads\/2022\/08\/wir-bilden-aus-1.jpg\" class=\"attachment-full size-full wp-image-1529\" alt=\"\" \/>\t\t\t\t\t\t\t\t\t\t\t\t\t\t\t<\/div>\n\t\t\t\t<\/div>\n\t\t\t\t\t<\/div>\n\t\t<\/div>\n\t\t\t\t\t<\/div>\n\t\t<\/section>\n\t\t\t\t<section class=\"elementor-section elementor-top-section elementor-element elementor-element-33ab743 elementor-section-boxed elementor-section-height-default elementor-section-height-default\" data-id=\"33ab743\" data-element_type=\"section\">\n\t\t\t\t\t\t<div class=\"elementor-container elementor-column-gap-default\">\n\t\t\t\t\t<div class=\"elementor-column elementor-col-100 elementor-top-column elementor-element elementor-element-287d1f5\" data-id=\"287d1f5\" data-element_type=\"column\">\n\t\t\t<div class=\"elementor-widget-wrap elementor-element-populated\">\n\t\t\t\t\t\t<div class=\"elementor-element elementor-element-92beed1 elementor-invisible elementor-widget elementor-widget-eael-adv-accordion\" data-id=\"92beed1\" data-element_type=\"widget\" data-settings=\"{&quot;_animation&quot;:&quot;pulse&quot;}\" data-widget_type=\"eael-adv-accordion.default\">\n\t\t\t\t<div class=\"elementor-widget-container\">\n\t\t\t\t\t        <div class=\"eael-adv-accordion\" id=\"eael-adv-accordion-92beed1\" data-scroll-on-click=\"no\" data-scroll-speed=\"300\" data-accordion-id=\"92beed1\" data-accordion-type=\"toggle\" data-toogle-speed=\"300\">\n    <div class=\"eael-accordion-list\">\n                <div id=\"auzubildende-mwd-zurzum-zahnmedizinischen-fachangestellten\" class=\"elementor-tab-title eael-accordion-header\" tabindex=\"0\" data-tab=\"1\" aria-controls=\"elementor-tab-content-1531\"><span class=\"eael-advanced-accordion-icon-closed\"><i aria-hidden=\"true\" class=\"fa-accordion-icon fas fa-plus\"><\/i><\/span><span class=\"eael-advanced-accordion-icon-opened\"><i aria-hidden=\"true\" class=\"fa-accordion-icon fas fa-minus\"><\/i><\/span><span class=\"eael-accordion-tab-title\">Auzubildende (m\/w\/d) zur\/zum Zahnmedizinischen Fachangestellten<\/span><\/div><div id=\"elementor-tab-content-1531\" class=\"eael-accordion-content clearfix\" data-tab=\"1\" aria-labelledby=\"auzubildende-mwd-zurzum-zahnmedizinischen-fachangestellten\"><h4><strong>Auszubildende (m\/w\/d) zur\/zum Zahnmedizinischen<\/strong><br \/><strong>Fachangestellten<\/strong> in Traben-Trarbach<\/h4><h4>Wir bieten:<br \/>&#8211; einen zukunftssicheren Beruf<br \/>&#8211; Arbeitszeiten, die Freiheit zum Leben lassen<br \/>&#8211; einen modernen Ausbildungsplatz<br \/>&#8211; interessante Zusatzangebote (Sport, K\u00f6chin,<br \/>Fahrtgeld, etc.)<\/h4><h4>&#8230;und das in einem lebensfrohen Team, das<br \/>diesen sch\u00f6nen Beruf lebt!<\/h4><\/div>\n                <\/div><div class=\"eael-accordion-list\">\n                <div id=\"zahnmedizinischer-fachangestellter-mwd\" class=\"elementor-tab-title eael-accordion-header\" tabindex=\"0\" data-tab=\"2\" aria-controls=\"elementor-tab-content-1532\"><span class=\"eael-advanced-accordion-icon-closed\"><i aria-hidden=\"true\" class=\"fa-accordion-icon fas fa-plus\"><\/i><\/span><span class=\"eael-advanced-accordion-icon-opened\"><i aria-hidden=\"true\" class=\"fa-accordion-icon fas fa-minus\"><\/i><\/span><span class=\"eael-accordion-tab-title\">Zahnmedizinische\/r Fachangestellte\/r  (m\/w\/d)<\/span><\/div><div id=\"elementor-tab-content-1532\" class=\"eael-accordion-content clearfix\" data-tab=\"2\" aria-labelledby=\"zahnmedizinischer-fachangestellter-mwd\"><h4>Zur Verst\u00e4rkung unseres Teams suchen wir ab sofort und f\u00fcr ganztags <br \/><strong>eine \/ einen Zahnmedizinische\/n Fachangestellte\/n.<\/strong><\/h4><h4>Sie sind freundlich, aufgeschlossen, motiviert, flexibel und m\u00f6chten in einer kieferorthop\u00e4dischen Praxis arbeiten?<\/h4><h4>Dann sind Sie bei uns richtig.<\/h4><h4>Wir bieten:<br \/>&#8211; einen zukunftssicheren Beruf<br \/>&#8211; Arbeitszeiten, die Freiheit zum Leben lassen<br \/>&#8211; einen modernen Arbeitsplatz<br \/>&#8211; interessante Zusatzangebote (Sport, K\u00f6chin,<br \/>Fahrtgeld, etc.)<\/h4><h4>&#8230;und das in einem lebensfrohen Team, das<br \/>diesen sch\u00f6nen Beruf lebt!<\/h4><\/div>\n                <\/div><\/div>\t\t\t\t<\/div>\n\t\t\t\t<\/div>\n\t\t\t\t\t<\/div>\n\t\t<\/div>\n\t\t\t\t\t<\/div>\n\t\t<\/section>\n\t\t\t\t<section class=\"elementor-section elementor-top-section elementor-element elementor-element-584efb5 elementor-section-boxed elementor-section-height-default elementor-section-height-default\" data-id=\"584efb5\" data-element_type=\"section\">\n\t\t\t\t\t\t<div class=\"elementor-container elementor-column-gap-default\">\n\t\t\t\t\t<div class=\"elementor-column elementor-col-100 elementor-top-column elementor-element elementor-element-37280e3\" data-id=\"37280e3\" data-element_type=\"column\">\n\t\t\t<div class=\"elementor-widget-wrap elementor-element-populated\">\n\t\t\t\t\t\t<div class=\"elementor-element elementor-element-6c5df79 elementor-widget elementor-widget-text-editor\" data-id=\"6c5df79\" data-element_type=\"widget\" data-widget_type=\"text-editor.default\">\n\t\t\t\t<div class=\"elementor-widget-container\">\n\t\t\t\t\t\t\t\t\t<p>Sprechen Sie uns an oder senden Sie eine Bewerbung an:<\/p><p><strong>Praxis Dres. B. Ludwig &amp; Dr. B. Glasl<br \/><\/strong>Fachzahn\u00e4rzte f\u00fcr Kieferorthop\u00e4die<br \/><b>Am Bahnhof 54<br \/>56841 Traben-Trarbach<br \/><br \/><\/b><\/p><p>Telefonnummer: 06541 &#8211; 81 83 81<\/p>\t\t\t\t\t\t\t\t<\/div>\n\t\t\t\t<\/div>\n\t\t\t\t\t<\/div>\n\t\t<\/div>\n\t\t\t\t\t<\/div>\n\t\t<\/section>\n\t\t\t\t<\/div>\n\t\t","protected":false},"excerpt":{"rendered":"<p>Karriere Folgende Stellen sind aktuell bei uns offen: Auzubildende (m\/w\/d) zur\/zum Zahnmedizinischen Fachangestellten Auszubildende (m\/w\/d) zur\/zum ZahnmedizinischenFachangestellten in Traben-Trarbach Wir bieten:&#8211; einen zukunftssicheren Beruf&#8211; Arbeitszeiten, die Freiheit zum Leben lassen&#8211; einen modernen Ausbildungsplatz&#8211; interessante Zusatzangebote (Sport, K\u00f6chin,Fahrtgeld, etc.) &#8230;und das in einem lebensfrohen Team, dasdiesen sch\u00f6nen Beruf lebt! Zahnmedizinische\/r Fachangestellte\/r (m\/w\/d) Zur Verst\u00e4rkung unseres Teams [&hellip;]<\/p>\n","protected":false},"author":1,"featured_media":0,"parent":0,"menu_order":0,"comment_status":"closed","ping_status":"closed","template":"","meta":{"footnotes":""},"class_list":["post-1509","page","type-page","status-publish","hentry"],"_links":{"self":[{"href":"https:\/\/kieferorthopaedie-mosel.de\/home\/wp-json\/wp\/v2\/pages\/1509","targetHints":{"allow":["GET"]}}],"collection":[{"href":"https:\/\/kieferorthopaedie-mosel.de\/home\/wp-json\/wp\/v2\/pages"}],"about":[{"href":"https:\/\/kieferorthopaedie-mosel.de\/home\/wp-json\/wp\/v2\/types\/page"}],"author":[{"embeddable":true,"href":"https:\/\/kieferorthopaedie-mosel.de\/home\/wp-json\/wp\/v2\/users\/1"}],"replies":[{"embeddable":true,"href":"https:\/\/kieferorthopaedie-mosel.de\/home\/wp-json\/wp\/v2\/comments?post=1509"}],"version-history":[{"count":35,"href":"https:\/\/kieferorthopaedie-mosel.de\/home\/wp-json\/wp\/v2\/pages\/1509\/revisions"}],"predecessor-version":[{"id":1547,"href":"https:\/\/kieferorthopaedie-mosel.de\/home\/wp-json\/wp\/v2\/pages\/1509\/revisions\/1547"}],"wp:attachment":[{"href":"https:\/\/kieferorthopaedie-mosel.de\/home\/wp-json\/wp\/v2\/media?parent=1509"}],"curies":[{"name":"wp","href":"https:\/\/api.w.org\/{rel}","templated":true}]}}