{"id":1296,"date":"2022-08-02T16:00:26","date_gmt":"2022-08-02T14:00:26","guid":{"rendered":"https:\/\/kachel.one\/?page_id=1296"},"modified":"2022-08-02T16:23:32","modified_gmt":"2022-08-02T14:23:32","slug":"anmeldeformular","status":"publish","type":"page","link":"https:\/\/kieferorthopaedie-mosel.de\/home\/anmeldeformular\/","title":{"rendered":"Anmeldeformular"},"content":{"rendered":"\t\t<div data-elementor-type=\"wp-page\" data-elementor-id=\"1296\" class=\"elementor elementor-1296\">\n\t\t\t\t\t\t<section class=\"elementor-section elementor-top-section elementor-element elementor-element-76fc3c8 elementor-section-boxed elementor-section-height-default elementor-section-height-default\" data-id=\"76fc3c8\" data-element_type=\"section\">\n\t\t\t\t\t\t<div class=\"elementor-container elementor-column-gap-default\">\n\t\t\t\t\t<div class=\"elementor-column elementor-col-100 elementor-top-column elementor-element elementor-element-e869eee\" data-id=\"e869eee\" data-element_type=\"column\">\n\t\t\t<div class=\"elementor-widget-wrap elementor-element-populated\">\n\t\t\t\t\t\t<div class=\"elementor-element elementor-element-e695ff4 elementor-widget elementor-widget-heading\" data-id=\"e695ff4\" data-element_type=\"widget\" data-widget_type=\"heading.default\">\n\t\t\t\t<div class=\"elementor-widget-container\">\n\t\t\t\t\t<h1 class=\"elementor-heading-title elementor-size-default\">Anmeldeformular<\/h1>\t\t\t\t<\/div>\n\t\t\t\t<\/div>\n\t\t\t\t\t<\/div>\n\t\t<\/div>\n\t\t\t\t\t<\/div>\n\t\t<\/section>\n\t\t\t\t<section class=\"elementor-section elementor-top-section elementor-element elementor-element-d5f6fcf elementor-section-boxed elementor-section-height-default elementor-section-height-default\" data-id=\"d5f6fcf\" data-element_type=\"section\">\n\t\t\t\t\t\t<div class=\"elementor-container elementor-column-gap-default\">\n\t\t\t\t\t<div class=\"elementor-column elementor-col-50 elementor-top-column elementor-element elementor-element-3710049\" data-id=\"3710049\" data-element_type=\"column\">\n\t\t\t<div class=\"elementor-widget-wrap elementor-element-populated\">\n\t\t\t\t\t\t<div class=\"elementor-element elementor-element-f74e6f3 elementor-widget elementor-widget-text-editor\" data-id=\"f74e6f3\" data-element_type=\"widget\" data-widget_type=\"text-editor.default\">\n\t\t\t\t<div class=\"elementor-widget-container\">\n\t\t\t\t\t\t\t\t\t<h3>Mit unserem Anmeldeformular k\u00f6nnen Sie sich als Patient\/in bereits vorab anmelden und die administrativen Aufgaben bei Ihrem ersten Praxisbesuch verk\u00fcrzen. <\/h3>\n<p>Bitte f\u00fcllen Sie die zutreffenden Felder vollst\u00e4ndig aus. Es handelt sich um ein Universal-Anmeldeformular, sodass einige Felder f\u00fcr Sie m\u00f6glicherweise nicht zutreffend sind und durchgestrichen werden k\u00f6nnen. <\/p>\n<p>Sie k\u00f6nnen das Anmeldeformular gleich am Bildschirm ausf\u00fcllen und es anschlie\u00dfend ausdrucken. Klicken Sie dazu auf das Feld &#8220;drucken&#8221; am Ende des Formulars. Das fertige Formular muss dann nur noch bei Ihrem ersten Behandlungstermin an der Rezeption abgegeben werden.<\/p>\t\t\t\t\t\t\t\t<\/div>\n\t\t\t\t<\/div>\n\t\t\t\t\t<\/div>\n\t\t<\/div>\n\t\t\t\t<div class=\"elementor-column elementor-col-50 elementor-top-column elementor-element elementor-element-153ffbe\" data-id=\"153ffbe\" data-element_type=\"column\">\n\t\t\t<div class=\"elementor-widget-wrap elementor-element-populated\">\n\t\t\t\t\t\t<div class=\"elementor-element elementor-element-328611c elementor-widget elementor-widget-text-editor\" data-id=\"328611c\" data-element_type=\"widget\" data-widget_type=\"text-editor.default\">\n\t\t\t\t<div class=\"elementor-widget-container\">\n\t\t\t\t\t\t\t\t\t<p><a href=\"\/wp-content\/uploads\/2022\/08\/anmeldeformular.pdf\">Das Formular steht hier zum Download bereit.<\/a> <br \/>Ihr Praxisteam<\/p>\t\t\t\t\t\t\t\t<\/div>\n\t\t\t\t<\/div>\n\t\t\t\t<div class=\"elementor-element elementor-element-cc0abb2 elementor-widget elementor-widget-image\" data-id=\"cc0abb2\" data-element_type=\"widget\" data-widget_type=\"image.default\">\n\t\t\t\t<div class=\"elementor-widget-container\">\n\t\t\t\t\t\t\t\t\t\t\t\t\t\t\t\t<a href=\"\/wp-content\/uploads\/2022\/08\/anmeldeformular.pdf\">\n\t\t\t\t\t\t\t<img decoding=\"async\" width=\"151\" height=\"211\" src=\"https:\/\/kieferorthopaedie-mosel.de\/wp-content\/uploads\/2022\/08\/formular_sb.jpg\" class=\"attachment-full size-full wp-image-1314\" alt=\"\" \/>\t\t\t\t\t\t\t\t<\/a>\n\t\t\t\t\t\t\t\t\t\t\t\t\t\t\t<\/div>\n\t\t\t\t<\/div>\n\t\t\t\t<div class=\"elementor-element elementor-element-5224355 elementor-widget elementor-widget-image\" data-id=\"5224355\" data-element_type=\"widget\" data-widget_type=\"image.default\">\n\t\t\t\t<div class=\"elementor-widget-container\">\n\t\t\t\t\t\t\t\t\t\t\t\t\t\t\t\t<a href=\"\/wp-content\/uploads\/2022\/08\/anmeldeformular.pdf\">\n\t\t\t\t\t\t\t<img decoding=\"async\" width=\"150\" height=\"150\" src=\"https:\/\/kieferorthopaedie-mosel.de\/wp-content\/uploads\/2022\/08\/Icon_pdf_file.svg-150x150.png\" class=\"attachment-thumbnail size-thumbnail wp-image-1310\" alt=\"\" srcset=\"https:\/\/kieferorthopaedie-mosel.de\/wp-content\/uploads\/2022\/08\/Icon_pdf_file.svg-150x150.png 150w, https:\/\/kieferorthopaedie-mosel.de\/wp-content\/uploads\/2022\/08\/Icon_pdf_file.svg-600x600.png 600w\" sizes=\"(max-width: 150px) 100vw, 150px\" \/>\t\t\t\t\t\t\t\t<\/a>\n\t\t\t\t\t\t\t\t\t\t\t\t\t\t\t<\/div>\n\t\t\t\t<\/div>\n\t\t\t\t\t<\/div>\n\t\t<\/div>\n\t\t\t\t\t<\/div>\n\t\t<\/section>\n\t\t\t\t<section class=\"elementor-section elementor-top-section elementor-element elementor-element-dad9673 elementor-section-boxed elementor-section-height-default elementor-section-height-default\" data-id=\"dad9673\" data-element_type=\"section\">\n\t\t\t\t\t\t<div class=\"elementor-container elementor-column-gap-default\">\n\t\t\t\t\t<div class=\"elementor-column elementor-col-100 elementor-top-column elementor-element elementor-element-8288355\" data-id=\"8288355\" data-element_type=\"column\">\n\t\t\t<div class=\"elementor-widget-wrap elementor-element-populated\">\n\t\t\t\t\t\t<div class=\"elementor-element elementor-element-fb1f7ca elementor-widget elementor-widget-spacer\" data-id=\"fb1f7ca\" data-element_type=\"widget\" data-widget_type=\"spacer.default\">\n\t\t\t\t<div class=\"elementor-widget-container\">\n\t\t\t\t\t\t\t<div class=\"elementor-spacer\">\n\t\t\t<div class=\"elementor-spacer-inner\"><\/div>\n\t\t<\/div>\n\t\t\t\t\t\t<\/div>\n\t\t\t\t<\/div>\n\t\t\t\t\t<\/div>\n\t\t<\/div>\n\t\t\t\t\t<\/div>\n\t\t<\/section>\n\t\t\t\t<\/div>\n\t\t","protected":false},"excerpt":{"rendered":"<p>Anmeldeformular Mit unserem Anmeldeformular k\u00f6nnen Sie sich als Patient\/in bereits vorab anmelden und die administrativen Aufgaben bei Ihrem ersten Praxisbesuch verk\u00fcrzen. Bitte f\u00fcllen Sie die zutreffenden Felder vollst\u00e4ndig aus. Es handelt sich um ein Universal-Anmeldeformular, sodass einige Felder f\u00fcr Sie m\u00f6glicherweise nicht zutreffend sind und durchgestrichen werden k\u00f6nnen. Sie k\u00f6nnen das Anmeldeformular gleich am Bildschirm [&hellip;]<\/p>\n","protected":false},"author":1,"featured_media":0,"parent":0,"menu_order":0,"comment_status":"closed","ping_status":"closed","template":"","meta":{"footnotes":""},"class_list":["post-1296","page","type-page","status-publish","hentry"],"_links":{"self":[{"href":"https:\/\/kieferorthopaedie-mosel.de\/home\/wp-json\/wp\/v2\/pages\/1296","targetHints":{"allow":["GET"]}}],"collection":[{"href":"https:\/\/kieferorthopaedie-mosel.de\/home\/wp-json\/wp\/v2\/pages"}],"about":[{"href":"https:\/\/kieferorthopaedie-mosel.de\/home\/wp-json\/wp\/v2\/types\/page"}],"author":[{"embeddable":true,"href":"https:\/\/kieferorthopaedie-mosel.de\/home\/wp-json\/wp\/v2\/users\/1"}],"replies":[{"embeddable":true,"href":"https:\/\/kieferorthopaedie-mosel.de\/home\/wp-json\/wp\/v2\/comments?post=1296"}],"version-history":[{"count":31,"href":"https:\/\/kieferorthopaedie-mosel.de\/home\/wp-json\/wp\/v2\/pages\/1296\/revisions"}],"predecessor-version":[{"id":1332,"href":"https:\/\/kieferorthopaedie-mosel.de\/home\/wp-json\/wp\/v2\/pages\/1296\/revisions\/1332"}],"wp:attachment":[{"href":"https:\/\/kieferorthopaedie-mosel.de\/home\/wp-json\/wp\/v2\/media?parent=1296"}],"curies":[{"name":"wp","href":"https:\/\/api.w.org\/{rel}","templated":true}]}}