{"id":1662,"date":"2023-06-28T22:16:53","date_gmt":"2023-06-28T20:16:53","guid":{"rendered":"https:\/\/kieferorthopaedie-mosel.de\/home\/?page_id=1662"},"modified":"2023-06-28T22:26:03","modified_gmt":"2023-06-28T20:26:03","slug":"hilfe-bei-notfaellen","status":"publish","type":"page","link":"https:\/\/kieferorthopaedie-mosel.de\/home\/en\/hilfe-bei-notfaellen\/","title":{"rendered":"Hilfe bei Notfaellen"},"content":{"rendered":"<div data-elementor-type=\"wp-page\" data-elementor-id=\"1662\" class=\"elementor elementor-1662\">\n\t\t\t\t\t\t<section class=\"elementor-section elementor-top-section elementor-element elementor-element-6fa9d02 elementor-section-boxed elementor-section-height-default elementor-section-height-default\" data-id=\"6fa9d02\" data-element_type=\"section\">\n\t\t\t\t\t\t<div class=\"elementor-container elementor-column-gap-default\">\n\t\t\t\t\t<div class=\"elementor-column elementor-col-100 elementor-top-column elementor-element elementor-element-5aa661d\" data-id=\"5aa661d\" data-element_type=\"column\">\n\t\t\t<div class=\"elementor-widget-wrap elementor-element-populated\">\n\t\t\t\t\t\t<div class=\"elementor-element elementor-element-329fc0c elementor-widget elementor-widget-heading\" data-id=\"329fc0c\" data-element_type=\"widget\" data-widget_type=\"heading.default\">\n\t\t\t\t<div class=\"elementor-widget-container\">\n\t\t\t\t\t<h2 class=\"elementor-heading-title elementor-size-default\">Help in emergencies<\/h2>\t\t\t\t<\/div>\n\t\t\t\t<\/div>\n\t\t\t\t\t<\/div>\n\t\t<\/div>\n\t\t\t\t\t<\/div>\n\t\t<\/section>\n\t\t\t\t<section class=\"elementor-section elementor-top-section elementor-element elementor-element-2f9c608 elementor-section-boxed elementor-section-height-default elementor-section-height-default\" data-id=\"2f9c608\" data-element_type=\"section\">\n\t\t\t\t\t\t<div class=\"elementor-container elementor-column-gap-default\">\n\t\t\t\t\t<div class=\"elementor-column elementor-col-100 elementor-top-column elementor-element elementor-element-cc4a79a\" data-id=\"cc4a79a\" data-element_type=\"column\">\n\t\t\t<div class=\"elementor-widget-wrap elementor-element-populated\">\n\t\t\t\t\t\t<div class=\"elementor-element elementor-element-ca4a362 elementor-widget elementor-widget-text-editor\" data-id=\"ca4a362\" data-element_type=\"widget\" data-widget_type=\"text-editor.default\">\n\t\t\t\t<div class=\"elementor-widget-container\">\n\t\t\t\t\t\t\t\t\t<p>Bitte rufen Sie uns w\u00e4hrend unserer Telefonzeiten an und wir teilen Ihnen dann mit, wie wir fortfahren.<\/p>\n<p>Wenn es ein Notfall au\u00dferhalb unserer Telefonzeiten ist, dann wenden Sie sich bitte an die Bezirkszahn\u00e4rztekammer Koblenz.<br><a href=\"https:\/\/bzk-koblenz.de\/patienten\/notfalldienst.html\" target=\"_blank\" rel=\"noopener\">https:\/\/bzk-koblenz.de\/patienten\/notfalldienst.html<\/a><\/p>\n<p><strong>T<\/strong><b>elefon (BZK Koblenz): 0180 &#8211; 50 40 30 8<\/b><\/p>\t\t\t\t\t\t\t\t<\/div>\n\t\t\t\t<\/div>\n\t\t\t\t\t<\/div>\n\t\t<\/div>\n\t\t\t\t\t<\/div>\n\t\t<\/section>\n\t\t\t\t<\/div>","protected":false},"excerpt":{"rendered":"<p>Hilfe bei Notf\u00e4llen Bitte rufen Sie uns w\u00e4hrend unserer Telefonzeiten an und wir teilen Ihnen dann mit, wie wir fortfahren. Wenn es ein Notfall au\u00dferhalb unserer Telefonzeiten ist, dann wenden Sie sich bitte an die Bezirkszahn\u00e4rztekammer Koblenz.https:\/\/bzk-koblenz.de\/patienten\/notfalldienst.html Telefon (BZK Koblenz): 0180 &#8211; 50 40 30 8<\/p>","protected":false},"author":1,"featured_media":0,"parent":0,"menu_order":0,"comment_status":"closed","ping_status":"closed","template":"","meta":{"footnotes":""},"class_list":["post-1662","page","type-page","status-publish","hentry"],"_links":{"self":[{"href":"https:\/\/kieferorthopaedie-mosel.de\/home\/en\/wp-json\/wp\/v2\/pages\/1662","targetHints":{"allow":["GET"]}}],"collection":[{"href":"https:\/\/kieferorthopaedie-mosel.de\/home\/en\/wp-json\/wp\/v2\/pages"}],"about":[{"href":"https:\/\/kieferorthopaedie-mosel.de\/home\/en\/wp-json\/wp\/v2\/types\/page"}],"author":[{"embeddable":true,"href":"https:\/\/kieferorthopaedie-mosel.de\/home\/en\/wp-json\/wp\/v2\/users\/1"}],"replies":[{"embeddable":true,"href":"https:\/\/kieferorthopaedie-mosel.de\/home\/en\/wp-json\/wp\/v2\/comments?post=1662"}],"version-history":[{"count":11,"href":"https:\/\/kieferorthopaedie-mosel.de\/home\/en\/wp-json\/wp\/v2\/pages\/1662\/revisions"}],"predecessor-version":[{"id":1674,"href":"https:\/\/kieferorthopaedie-mosel.de\/home\/en\/wp-json\/wp\/v2\/pages\/1662\/revisions\/1674"}],"wp:attachment":[{"href":"https:\/\/kieferorthopaedie-mosel.de\/home\/en\/wp-json\/wp\/v2\/media?parent=1662"}],"curies":[{"name":"wp","href":"https:\/\/api.w.org\/{rel}","templated":true}]}}